{"id":71,"date":"2016-12-07T15:29:26","date_gmt":"2016-12-07T15:29:26","guid":{"rendered":"http:\/\/cru.aeu.es\/?page_id=71"},"modified":"2019-05-22T07:54:49","modified_gmt":"2019-05-22T07:54:49","slug":"webs-de-interes","status":"publish","type":"page","link":"https:\/\/cru.aeu.es\/?page_id=71","title":{"rendered":"WEBS DE INTERES"},"content":{"rendered":"<p><strong>GUIDO BARBAGLI<\/strong><br \/>\n<a href=\"http:\/\/www.urethralcenter.it\/\">http:\/\/www.urethralcenter.it<\/a><br \/>\nWelcome to <strong>The Center for Reconstructive Urethral Surgery<\/strong>, the first worldwide <strong>Center for the diagnosis and treatment of male urethral stricture diseases.<\/strong> We provide a standard of excellence ensuring the highest standards of care of our patients. The Center is engaged in permanent educational programs for the urologist who is interested in in-depth theoretical and practical training on reconstructive urethral surgery. Our website offers detailed information on the surgical techniques used at our Center for the treatment of male urethral strictures, and the results of these techniques are also fully presented and up-dated every twelve months.<\/p>\n<hr \/>\n<p><strong>REYNALDO G\u00d3MEZ<\/strong><br \/>\n<a href=\"http:\/\/www.uretra.cl\/sitio\/\">http:\/\/www.uretra.cl\/sitio\/<\/a><br \/>\nEl <strong>Centro de Urolog\u00eda Reconstructiva y Cirug\u00eda Uretral<\/strong> es un servicio m\u00e9dico de excelencia, que ofrece atenci\u00f3n quir\u00fargica especializada a pacientes con patolog\u00edas como estrechez uretral, enfermedad de Peyronie, incontinencia urinaria, vejiga neurog\u00e9nica y disfunci\u00f3n er\u00e9ctil, entre otras.<br \/>\nNuestro Centro est\u00e1 dirigido por el <strong>Dr. Reynaldo G\u00f3mez Illanes<\/strong>, un referente a nivel internacional con 25 a\u00f1os de trayectoria que avalan la calidad m\u00e9dica de los tratamientos realizados. El Dr. G\u00f3mez es actualmente Presidente de la <a href=\"http:\/\/www.societygurs.org\/\">Sociedad Internacional de Cirujanos Especialistas en Reconstrucci\u00f3n Genitourinaria<\/a> (GURS, por su nombre en ingles) y fue Presidente de la <a href=\"http:\/\/www.urologosdechile.cl\/\">Sociedad Chilena de Urolog\u00eda<\/a> los a\u00f1os 2001 y 2002.<\/p>\n<hr \/>\n<p><strong>Cirug\u00eda del Hipospadias<\/strong><br \/>\n<a href=\"http:\/\/www.hypospadias-surgery.com\/span_hypo_start.html\">http:\/\/www.hypospadias-surgery.com\/span_hypo_start.html<\/a><br \/>\n<strong>Por el\u00a0 Prof.\u00a0Dr.\u00a0med. Ahmed T Hadidi<\/strong><br \/>\nProfesor de Cirug\u00eda Pedi\u00e1trica y Pl\u00e1stica, Universidad de El Cairo, Egipto<\/p>\n<hr \/>\n<p><strong>ENZO PALMINTERI<\/strong><br \/>\n<a href=\"https:\/\/www.chirurgiauretrale.it\/\" target=\"_blank\" rel=\"noopener noreferrer\">http:\/\/www.cirugiauretral.es<\/a><br \/>\n<strong>El portal de referencia de la cirug\u00eda reconstructiva de la uretra y de los genitales<\/strong><br \/>\n<strong><u>Dr. Enzo Palminteri:<\/u><\/strong> el Dr. Palminteri especialista en urolog\u00eda se ocupa desde hace tiempo de estenosis de la uretra y reconstrucci\u00f3n de los genitales. Ha creado el portal <strong>Centro Uretra<\/strong> gracias a su experiencia y competencia en la cirug\u00eda uretra y las patolog\u00edas de los genitales.<strong><u> Patolog\u00edas curadas por el centro Uretra<\/u><\/strong> : el Centro Uretra del Dr. Palminteri se ocupa de cirug\u00eda de la uretra y de los genitales. En esta secci\u00f3n del portal econtrare\u00eds las patolog\u00edas curadas: estenosis uretral y cirugi\u00eda de la uretra, hipospaida, liquen escleroso del pene, tumores del pene, tumores de la uretra..<strong><u> Videos di cirug\u00eda uretra<\/u><\/strong>: el Centro Uretra en esta secci\u00f3n explica paso a paso las t\u00e9cnicas de ciurg\u00eda uretra: como se realizan las uretroplastias del pene, las uretroplastias bulbares, las uretroplastias posteriores y la reconstrucci\u00f3n de los genitales.<\/p>\n","protected":false},"excerpt":{"rendered":"<p>GUIDO BARBAGLI http:\/\/www.urethralcenter.it Welcome to The Center for Reconstructive Urethral Surgery, the first worldwide Center for the diagnosis and treatment of male urethral stricture diseases. We provide a standard of excellence ensuring the highest standards of care of our patients. &hellip;<\/p>\n<p class=\"read-more\"> <a class=\"more-link\" href=\"https:\/\/cru.aeu.es\/?page_id=71\"> <span class=\"screen-reader-text\">WEBS DE INTERES<\/span> Leer m\u00e1s \u00bb<\/a><\/p>\n","protected":false},"author":1,"featured_media":0,"parent":0,"menu_order":0,"comment_status":"closed","ping_status":"closed","template":"full-width-page.php","meta":{"footnotes":""},"class_list":["post-71","page","type-page","status-publish","hentry"],"_links":{"self":[{"href":"https:\/\/cru.aeu.es\/index.php?rest_route=\/wp\/v2\/pages\/71","targetHints":{"allow":["GET"]}}],"collection":[{"href":"https:\/\/cru.aeu.es\/index.php?rest_route=\/wp\/v2\/pages"}],"about":[{"href":"https:\/\/cru.aeu.es\/index.php?rest_route=\/wp\/v2\/types\/page"}],"author":[{"embeddable":true,"href":"https:\/\/cru.aeu.es\/index.php?rest_route=\/wp\/v2\/users\/1"}],"replies":[{"embeddable":true,"href":"https:\/\/cru.aeu.es\/index.php?rest_route=%2Fwp%2Fv2%2Fcomments&post=71"}],"version-history":[{"count":3,"href":"https:\/\/cru.aeu.es\/index.php?rest_route=\/wp\/v2\/pages\/71\/revisions"}],"predecessor-version":[{"id":897,"href":"https:\/\/cru.aeu.es\/index.php?rest_route=\/wp\/v2\/pages\/71\/revisions\/897"}],"wp:attachment":[{"href":"https:\/\/cru.aeu.es\/index.php?rest_route=%2Fwp%2Fv2%2Fmedia&parent=71"}],"curies":[{"name":"wp","href":"https:\/\/api.w.org\/{rel}","templated":true}]}}